{"id":1261,"date":"2021-11-29T13:23:31","date_gmt":"2021-11-29T16:23:31","guid":{"rendered":"https:\/\/saoluiscoworking.com.br\/?page_id=1261"},"modified":"2025-06-18T16:09:50","modified_gmt":"2025-06-18T19:09:50","slug":"blog","status":"publish","type":"page","link":"http:\/\/saoluiscoworking.com.br\/?page_id=1261","title":{"rendered":"Blog"},"content":{"rendered":"\t\t<div data-elementor-type=\"wp-page\" data-elementor-id=\"1261\" class=\"elementor elementor-1261\" data-elementor-post-type=\"page\">\n\t\t\t\t\t\t<section class=\"elementor-section elementor-top-section elementor-element elementor-element-da4da62 elementor-section-boxed elementor-section-height-default elementor-section-height-default\" data-id=\"da4da62\" data-element_type=\"section\" data-e-type=\"section\" data-settings=\"{&quot;background_background&quot;:&quot;classic&quot;,&quot;background_motion_fx_motion_fx_scrolling&quot;:&quot;yes&quot;,&quot;background_motion_fx_opacity_effect&quot;:&quot;yes&quot;,&quot;background_motion_fx_opacity_direction&quot;:&quot;in-out&quot;,&quot;background_motion_fx_opacity_level&quot;:{&quot;unit&quot;:&quot;px&quot;,&quot;size&quot;:500,&quot;sizes&quot;:[]},&quot;background_motion_fx_opacity_range&quot;:{&quot;unit&quot;:&quot;%&quot;,&quot;size&quot;:&quot;&quot;,&quot;sizes&quot;:{&quot;start&quot;:0,&quot;end&quot;:80}},&quot;background_motion_fx_scale_effect&quot;:&quot;yes&quot;,&quot;background_motion_fx_scale_range&quot;:{&quot;unit&quot;:&quot;%&quot;,&quot;size&quot;:&quot;&quot;,&quot;sizes&quot;:{&quot;start&quot;:0,&quot;end&quot;:80}},&quot;background_motion_fx_range&quot;:&quot;page&quot;,&quot;background_motion_fx_scale_direction&quot;:&quot;out-in&quot;,&quot;background_motion_fx_scale_speed&quot;:{&quot;unit&quot;:&quot;px&quot;,&quot;size&quot;:4,&quot;sizes&quot;:[]},&quot;background_motion_fx_devices&quot;:[&quot;desktop&quot;,&quot;tablet&quot;,&quot;mobile&quot;]}\">\n\t\t\t\t\t\t\t<div class=\"elementor-background-overlay\"><\/div>\n\t\t\t\t\t\t\t<div class=\"elementor-container elementor-column-gap-default\">\n\t\t\t\t\t<div class=\"elementor-column elementor-col-50 elementor-top-column elementor-element elementor-element-4bfa9644 elementor-invisible\" data-id=\"4bfa9644\" data-element_type=\"column\" data-e-type=\"column\" data-settings=\"{&quot;animation&quot;:&quot;fadeInUp&quot;,&quot;animation_delay&quot;:2}\">\n\t\t\t<div class=\"elementor-widget-wrap elementor-element-populated\">\n\t\t\t\t\t\t<div class=\"elementor-element elementor-element-54e850e6 elementor-align-center elementor-widget elementor-widget-lottie\" data-id=\"54e850e6\" data-element_type=\"widget\" data-e-type=\"widget\" data-settings=\"{&quot;source_json&quot;:{&quot;url&quot;:&quot;http:\\\/\\\/saoluiscoworking.com.br\\\/wp-content\\\/uploads\\\/2021\\\/11\\\/pulse.json&quot;,&quot;id&quot;:&quot;1287&quot;,&quot;size&quot;:&quot;&quot;},&quot;loop&quot;:&quot;yes&quot;,&quot;lazyload&quot;:&quot;yes&quot;,&quot;source&quot;:&quot;media_file&quot;,&quot;caption_source&quot;:&quot;none&quot;,&quot;link_to&quot;:&quot;none&quot;,&quot;trigger&quot;:&quot;arriving_to_viewport&quot;,&quot;viewport&quot;:{&quot;unit&quot;:&quot;%&quot;,&quot;size&quot;:&quot;&quot;,&quot;sizes&quot;:{&quot;start&quot;:0,&quot;end&quot;:100}},&quot;play_speed&quot;:{&quot;unit&quot;:&quot;px&quot;,&quot;size&quot;:1,&quot;sizes&quot;:[]},&quot;start_point&quot;:{&quot;unit&quot;:&quot;%&quot;,&quot;size&quot;:0,&quot;sizes&quot;:[]},&quot;end_point&quot;:{&quot;unit&quot;:&quot;%&quot;,&quot;size&quot;:100,&quot;sizes&quot;:[]},&quot;renderer&quot;:&quot;svg&quot;}\" data-widget_type=\"lottie.default\">\n\t\t\t\t<div class=\"elementor-widget-container\">\n\t\t\t\t\t<div class=\"e-lottie__container\"><div class=\"e-lottie__animation\"><\/div><\/div>\t\t\t\t<\/div>\n\t\t\t\t<\/div>\n\t\t\t\t<div class=\"elementor-element elementor-element-6cdeeaf9 elementor-widget-divider--view-line elementor-widget elementor-widget-divider\" data-id=\"6cdeeaf9\" data-element_type=\"widget\" data-e-type=\"widget\" data-widget_type=\"divider.default\">\n\t\t\t\t<div class=\"elementor-widget-container\">\n\t\t\t\t\t\t\t<div class=\"elementor-divider\">\n\t\t\t<span class=\"elementor-divider-separator\">\n\t\t\t\t\t\t<\/span>\n\t\t<\/div>\n\t\t\t\t\t\t<\/div>\n\t\t\t\t<\/div>\n\t\t\t\t\t<\/div>\n\t\t<\/div>\n\t\t\t\t<div class=\"elementor-column elementor-col-50 elementor-top-column elementor-element elementor-element-24da1ee0\" data-id=\"24da1ee0\" data-element_type=\"column\" data-e-type=\"column\">\n\t\t\t<div class=\"elementor-widget-wrap elementor-element-populated\">\n\t\t\t\t\t\t<div class=\"elementor-element elementor-element-392d1390 animated-slow elementor-invisible elementor-widget elementor-widget-heading\" data-id=\"392d1390\" data-element_type=\"widget\" data-e-type=\"widget\" data-settings=\"{&quot;_animation&quot;:&quot;fadeInLeft&quot;,&quot;_animation_delay&quot;:4}\" data-widget_type=\"heading.default\">\n\t\t\t\t<div class=\"elementor-widget-container\">\n\t\t\t\t\t<h1 class=\"elementor-heading-title elementor-size-default\">Blog<\/h1>\t\t\t\t<\/div>\n\t\t\t\t<\/div>\n\t\t\t\t\t<\/div>\n\t\t<\/div>\n\t\t\t\t\t<\/div>\n\t\t<\/section>\n\t\t\t\t<section class=\"elementor-section elementor-top-section elementor-element elementor-element-6ffbe84f elementor-section-boxed elementor-section-height-default elementor-section-height-default\" data-id=\"6ffbe84f\" data-element_type=\"section\" data-e-type=\"section\">\n\t\t\t\t\t\t<div class=\"elementor-container elementor-column-gap-default\">\n\t\t\t\t\t<div class=\"elementor-column elementor-col-100 elementor-top-column elementor-element elementor-element-57556177 elementor-invisible\" data-id=\"57556177\" data-element_type=\"column\" data-e-type=\"column\" data-settings=\"{&quot;animation&quot;:&quot;fadeInUp&quot;,&quot;animation_delay&quot;:2}\">\n\t\t\t<div class=\"elementor-widget-wrap elementor-element-populated\">\n\t\t\t\t\t\t<div class=\"elementor-element elementor-element-6b4a2a6 elementor-grid-3 elementor-grid-tablet-2 elementor-grid-mobile-1 elementor-posts--thumbnail-top elementor-card-shadow-yes elementor-posts__hover-gradient elementor-widget elementor-widget-posts\" data-id=\"6b4a2a6\" data-element_type=\"widget\" data-e-type=\"widget\" data-settings=\"{&quot;pagination_type&quot;:&quot;numbers&quot;,&quot;cards_columns&quot;:&quot;3&quot;,&quot;cards_columns_tablet&quot;:&quot;2&quot;,&quot;cards_columns_mobile&quot;:&quot;1&quot;,&quot;cards_row_gap&quot;:{&quot;unit&quot;:&quot;px&quot;,&quot;size&quot;:35,&quot;sizes&quot;:[]},&quot;cards_row_gap_tablet&quot;:{&quot;unit&quot;:&quot;px&quot;,&quot;size&quot;:&quot;&quot;,&quot;sizes&quot;:[]},&quot;cards_row_gap_mobile&quot;:{&quot;unit&quot;:&quot;px&quot;,&quot;size&quot;:&quot;&quot;,&quot;sizes&quot;:[]}}\" data-widget_type=\"posts.cards\">\n\t\t\t\t<div class=\"elementor-widget-container\">\n\t\t\t\t\t\t\t<div class=\"elementor-posts-container elementor-posts elementor-posts--skin-cards elementor-grid\">\n\t\t\t\t<article class=\"elementor-post elementor-grid-item post-3011 post type-post status-publish format-standard has-post-thumbnail hentry category-sem-categoria\">\n\t\t\t<div class=\"elementor-post__card\">\n\t\t\t\t<a class=\"elementor-post__thumbnail__link\" href=\"http:\/\/saoluiscoworking.com.br\/?p=3011\" tabindex=\"-1\" ><div class=\"elementor-post__thumbnail\"><img fetchpriority=\"high\" decoding=\"async\" width=\"300\" height=\"249\" src=\"http:\/\/saoluiscoworking.com.br\/wp-content\/uploads\/2026\/03\/gestor-hands-on-2-300x249.png\" class=\"attachment-medium size-medium wp-image-3012\" alt=\"\" srcset=\"http:\/\/saoluiscoworking.com.br\/wp-content\/uploads\/2026\/03\/gestor-hands-on-2-300x249.png 300w, http:\/\/saoluiscoworking.com.br\/wp-content\/uploads\/2026\/03\/gestor-hands-on-2-1024x848.png 1024w, http:\/\/saoluiscoworking.com.br\/wp-content\/uploads\/2026\/03\/gestor-hands-on-2-768x636.png 768w, http:\/\/saoluiscoworking.com.br\/wp-content\/uploads\/2026\/03\/gestor-hands-on-2.png 1120w\" sizes=\"(max-width: 300px) 100vw, 300px\" \/><\/div><\/a>\n\t\t\t\t<div class=\"elementor-post__text\">\n\t\t\t\t<h3 class=\"elementor-post__title\">\n\t\t\t<a href=\"http:\/\/saoluiscoworking.com.br\/?p=3011\" >\n\t\t\t\tPor que a Desentulhe nasceu dentro do S\u00e3o Lu\u00eds Coworking?\t\t\t<\/a>\n\t\t<\/h3>\n\t\t\t\t<div class=\"elementor-post__excerpt\">\n\t\t\t<p>No mundo dos neg\u00f3cios, existem dois tipos de empreendedores: os que esperam as condi\u00e7\u00f5es perfeitas e os que criam o ambiente necess\u00e1rio para vencer. Hoje,<\/p>\n\t\t<\/div>\n\t\t\n\t\t<a class=\"elementor-post__read-more\" href=\"http:\/\/saoluiscoworking.com.br\/?p=3011\" aria-label=\"Read more about Por que a Desentulhe nasceu dentro do S\u00e3o Lu\u00eds Coworking?\" tabindex=\"-1\" >\n\t\t\tSaiba mais \u00bb\t\t<\/a>\n\n\t\t\t\t<\/div>\n\t\t\t\t<div class=\"elementor-post__meta-data\">\n\t\t\t\t\t<span class=\"elementor-post-date\">\n\t\t\t21 de mar\u00e7o de 2026\t\t<\/span>\n\t\t\t\t<\/div>\n\t\t\t\t\t<\/div>\n\t\t<\/article>\n\t\t\t\t<article class=\"elementor-post elementor-grid-item post-3008 post type-post status-publish format-standard has-post-thumbnail hentry category-sem-categoria\">\n\t\t\t<div class=\"elementor-post__card\">\n\t\t\t\t<a class=\"elementor-post__thumbnail__link\" href=\"http:\/\/saoluiscoworking.com.br\/?p=3008\" tabindex=\"-1\" ><div class=\"elementor-post__thumbnail\"><img decoding=\"async\" width=\"300\" height=\"200\" src=\"http:\/\/saoluiscoworking.com.br\/wp-content\/uploads\/2026\/03\/semanadoconsumidor-300x200.png\" class=\"attachment-medium size-medium wp-image-3009\" alt=\"\" srcset=\"http:\/\/saoluiscoworking.com.br\/wp-content\/uploads\/2026\/03\/semanadoconsumidor-300x200.png 300w, http:\/\/saoluiscoworking.com.br\/wp-content\/uploads\/2026\/03\/semanadoconsumidor-1024x683.png 1024w, http:\/\/saoluiscoworking.com.br\/wp-content\/uploads\/2026\/03\/semanadoconsumidor-768x512.png 768w, http:\/\/saoluiscoworking.com.br\/wp-content\/uploads\/2026\/03\/semanadoconsumidor-1536x1024.png 1536w, http:\/\/saoluiscoworking.com.br\/wp-content\/uploads\/2026\/03\/semanadoconsumidor.png 1564w\" sizes=\"(max-width: 300px) 100vw, 300px\" \/><\/div><\/a>\n\t\t\t\t<div class=\"elementor-post__text\">\n\t\t\t\t<h3 class=\"elementor-post__title\">\n\t\t\t<a href=\"http:\/\/saoluiscoworking.com.br\/?p=3008\" >\n\t\t\t\tSemana do Consumidor no S\u00e3o Lu\u00eds Coworking: aproveite 50% de desconto\t\t\t<\/a>\n\t\t<\/h3>\n\t\t\t\t<div class=\"elementor-post__excerpt\">\n\t\t\t<p>A Semana do Consumidor chegou e o S\u00e3o Lu\u00eds Coworking preparou uma oportunidade especial para profissionais, empreendedores e empresas que desejam trabalhar em um ambiente<\/p>\n\t\t<\/div>\n\t\t\n\t\t<a class=\"elementor-post__read-more\" href=\"http:\/\/saoluiscoworking.com.br\/?p=3008\" aria-label=\"Read more about Semana do Consumidor no S\u00e3o Lu\u00eds Coworking: aproveite 50% de desconto\" tabindex=\"-1\" >\n\t\t\tSaiba mais \u00bb\t\t<\/a>\n\n\t\t\t\t<\/div>\n\t\t\t\t<div class=\"elementor-post__meta-data\">\n\t\t\t\t\t<span class=\"elementor-post-date\">\n\t\t\t17 de mar\u00e7o de 2026\t\t<\/span>\n\t\t\t\t<\/div>\n\t\t\t\t\t<\/div>\n\t\t<\/article>\n\t\t\t\t<article class=\"elementor-post elementor-grid-item post-3003 post type-post status-publish format-standard has-post-thumbnail hentry category-sem-categoria\">\n\t\t\t<div class=\"elementor-post__card\">\n\t\t\t\t<a class=\"elementor-post__thumbnail__link\" href=\"http:\/\/saoluiscoworking.com.br\/?p=3003\" tabindex=\"-1\" ><div class=\"elementor-post__thumbnail\"><img decoding=\"async\" width=\"300\" height=\"200\" src=\"http:\/\/saoluiscoworking.com.br\/wp-content\/uploads\/2026\/03\/bonsnegocios-300x200.png\" class=\"attachment-medium size-medium wp-image-3004\" alt=\"\" srcset=\"http:\/\/saoluiscoworking.com.br\/wp-content\/uploads\/2026\/03\/bonsnegocios-300x200.png 300w, http:\/\/saoluiscoworking.com.br\/wp-content\/uploads\/2026\/03\/bonsnegocios-1024x682.png 1024w, http:\/\/saoluiscoworking.com.br\/wp-content\/uploads\/2026\/03\/bonsnegocios-768x512.png 768w, http:\/\/saoluiscoworking.com.br\/wp-content\/uploads\/2026\/03\/bonsnegocios-1536x1023.png 1536w, http:\/\/saoluiscoworking.com.br\/wp-content\/uploads\/2026\/03\/bonsnegocios.png 1564w\" sizes=\"(max-width: 300px) 100vw, 300px\" \/><\/div><\/a>\n\t\t\t\t<div class=\"elementor-post__text\">\n\t\t\t\t<h3 class=\"elementor-post__title\">\n\t\t\t<a href=\"http:\/\/saoluiscoworking.com.br\/?p=3003\" >\n\t\t\t\tDomic\u00edlio Fiscal \u00e9 no S\u00e3o Lu\u00eds Coworking\t\t\t<\/a>\n\t\t<\/h3>\n\t\t\t\t<div class=\"elementor-post__excerpt\">\n\t\t\t<p>\ud83c\udfe2 Sua empresa merece um endere\u00e7o de prest\u00edgio! No S\u00e3o Lu\u00eds Coworking, n\u00e3o oferecemos apenas mesas e cadeiras; oferecemos a casa da sua empresa. \ud83c\udfe0\u2728<\/p>\n\t\t<\/div>\n\t\t\n\t\t<a class=\"elementor-post__read-more\" href=\"http:\/\/saoluiscoworking.com.br\/?p=3003\" aria-label=\"Read more about Domic\u00edlio Fiscal \u00e9 no S\u00e3o Lu\u00eds Coworking\" tabindex=\"-1\" >\n\t\t\tSaiba mais \u00bb\t\t<\/a>\n\n\t\t\t\t<\/div>\n\t\t\t\t<div class=\"elementor-post__meta-data\">\n\t\t\t\t\t<span class=\"elementor-post-date\">\n\t\t\t4 de mar\u00e7o de 2026\t\t<\/span>\n\t\t\t\t<\/div>\n\t\t\t\t\t<\/div>\n\t\t<\/article>\n\t\t\t\t<article class=\"elementor-post elementor-grid-item post-2998 post type-post status-publish format-standard has-post-thumbnail hentry category-sem-categoria\">\n\t\t\t<div class=\"elementor-post__card\">\n\t\t\t\t<a class=\"elementor-post__thumbnail__link\" href=\"http:\/\/saoluiscoworking.com.br\/?p=2998\" tabindex=\"-1\" ><div class=\"elementor-post__thumbnail\"><img loading=\"lazy\" decoding=\"async\" width=\"300\" height=\"164\" src=\"http:\/\/saoluiscoworking.com.br\/wp-content\/uploads\/2026\/02\/Gemini_Generated_Image_zeqywqzeqywqzeqy-300x164.png\" class=\"attachment-medium size-medium wp-image-2999\" alt=\"\" srcset=\"http:\/\/saoluiscoworking.com.br\/wp-content\/uploads\/2026\/02\/Gemini_Generated_Image_zeqywqzeqywqzeqy-300x164.png 300w, http:\/\/saoluiscoworking.com.br\/wp-content\/uploads\/2026\/02\/Gemini_Generated_Image_zeqywqzeqywqzeqy-1024x559.png 1024w, http:\/\/saoluiscoworking.com.br\/wp-content\/uploads\/2026\/02\/Gemini_Generated_Image_zeqywqzeqywqzeqy-768x419.png 768w, http:\/\/saoluiscoworking.com.br\/wp-content\/uploads\/2026\/02\/Gemini_Generated_Image_zeqywqzeqywqzeqy-1536x838.png 1536w, http:\/\/saoluiscoworking.com.br\/wp-content\/uploads\/2026\/02\/Gemini_Generated_Image_zeqywqzeqywqzeqy-2048x1117.png 2048w\" sizes=\"(max-width: 300px) 100vw, 300px\" \/><\/div><\/a>\n\t\t\t\t<div class=\"elementor-post__text\">\n\t\t\t\t<h3 class=\"elementor-post__title\">\n\t\t\t<a href=\"http:\/\/saoluiscoworking.com.br\/?p=2998\" >\n\t\t\t\tPor que o S\u00e3o Lu\u00eds Coworking \u00e9 o lugar ideal para o profissional liberal?\t\t\t<\/a>\n\t\t<\/h3>\n\t\t\t\t<div class=\"elementor-post__excerpt\">\n\t\t\t<p>Vem com a gente! Trabalhar por conta pr\u00f3pria traz uma liberdade incompar\u00e1vel, mas tamb\u00e9m imp\u00f5e desafios que nem sempre aparecem no plano de neg\u00f3cios: a<\/p>\n\t\t<\/div>\n\t\t\n\t\t<a class=\"elementor-post__read-more\" href=\"http:\/\/saoluiscoworking.com.br\/?p=2998\" aria-label=\"Read more about Por que o S\u00e3o Lu\u00eds Coworking \u00e9 o lugar ideal para o profissional liberal?\" tabindex=\"-1\" >\n\t\t\tSaiba mais \u00bb\t\t<\/a>\n\n\t\t\t\t<\/div>\n\t\t\t\t<div class=\"elementor-post__meta-data\">\n\t\t\t\t\t<span class=\"elementor-post-date\">\n\t\t\t24 de fevereiro de 2026\t\t<\/span>\n\t\t\t\t<\/div>\n\t\t\t\t\t<\/div>\n\t\t<\/article>\n\t\t\t\t<article class=\"elementor-post elementor-grid-item post-2995 post type-post status-publish format-standard has-post-thumbnail hentry category-sem-categoria\">\n\t\t\t<div class=\"elementor-post__card\">\n\t\t\t\t<a class=\"elementor-post__thumbnail__link\" href=\"http:\/\/saoluiscoworking.com.br\/?p=2995\" tabindex=\"-1\" ><div class=\"elementor-post__thumbnail\"><img loading=\"lazy\" decoding=\"async\" width=\"300\" height=\"200\" src=\"http:\/\/saoluiscoworking.com.br\/wp-content\/uploads\/2026\/02\/coworking-catalisador-300x200.png\" class=\"attachment-medium size-medium wp-image-2996\" alt=\"\" srcset=\"http:\/\/saoluiscoworking.com.br\/wp-content\/uploads\/2026\/02\/coworking-catalisador-300x200.png 300w, http:\/\/saoluiscoworking.com.br\/wp-content\/uploads\/2026\/02\/coworking-catalisador-1024x683.png 1024w, http:\/\/saoluiscoworking.com.br\/wp-content\/uploads\/2026\/02\/coworking-catalisador-768x512.png 768w, http:\/\/saoluiscoworking.com.br\/wp-content\/uploads\/2026\/02\/coworking-catalisador-1536x1024.png 1536w, http:\/\/saoluiscoworking.com.br\/wp-content\/uploads\/2026\/02\/coworking-catalisador.png 1563w\" sizes=\"(max-width: 300px) 100vw, 300px\" \/><\/div><\/a>\n\t\t\t\t<div class=\"elementor-post__text\">\n\t\t\t\t<h3 class=\"elementor-post__title\">\n\t\t\t<a href=\"http:\/\/saoluiscoworking.com.br\/?p=2995\" >\n\t\t\t\tJaneiro e Fevereiro ficaram no &#8220;Confete&#8221;? Como Recuperar o Tempo Perdido e Acelerar seu Neg\u00f3cio Agora\t\t\t<\/a>\n\t\t<\/h3>\n\t\t\t\t<div class=\"elementor-post__excerpt\">\n\t\t\t<p>Diz o ditado popular que &#8220;o ano s\u00f3 come\u00e7a depois do Carnaval&#8221;. Para quem empreende, essa frase pode soar como um pesadelo log\u00edstico. Entre festas,<\/p>\n\t\t<\/div>\n\t\t\n\t\t<a class=\"elementor-post__read-more\" href=\"http:\/\/saoluiscoworking.com.br\/?p=2995\" aria-label=\"Read more about Janeiro e Fevereiro ficaram no &#8220;Confete&#8221;? Como Recuperar o Tempo Perdido e Acelerar seu Neg\u00f3cio Agora\" tabindex=\"-1\" >\n\t\t\tSaiba mais \u00bb\t\t<\/a>\n\n\t\t\t\t<\/div>\n\t\t\t\t<div class=\"elementor-post__meta-data\">\n\t\t\t\t\t<span class=\"elementor-post-date\">\n\t\t\t19 de fevereiro de 2026\t\t<\/span>\n\t\t\t\t<\/div>\n\t\t\t\t\t<\/div>\n\t\t<\/article>\n\t\t\t\t<article class=\"elementor-post elementor-grid-item post-2917 post type-post status-publish format-standard has-post-thumbnail hentry category-sem-categoria\">\n\t\t\t<div class=\"elementor-post__card\">\n\t\t\t\t<a class=\"elementor-post__thumbnail__link\" href=\"http:\/\/saoluiscoworking.com.br\/?p=2917\" tabindex=\"-1\" ><div class=\"elementor-post__thumbnail\"><img loading=\"lazy\" decoding=\"async\" width=\"300\" height=\"192\" src=\"http:\/\/saoluiscoworking.com.br\/wp-content\/uploads\/2025\/06\/fachada-new-300x192.jpeg\" class=\"attachment-medium size-medium wp-image-2868\" alt=\"\" srcset=\"http:\/\/saoluiscoworking.com.br\/wp-content\/uploads\/2025\/06\/fachada-new-300x192.jpeg 300w, http:\/\/saoluiscoworking.com.br\/wp-content\/uploads\/2025\/06\/fachada-new-1024x655.jpeg 1024w, http:\/\/saoluiscoworking.com.br\/wp-content\/uploads\/2025\/06\/fachada-new-768x491.jpeg 768w, http:\/\/saoluiscoworking.com.br\/wp-content\/uploads\/2025\/06\/fachada-new.jpeg 1280w\" sizes=\"(max-width: 300px) 100vw, 300px\" \/><\/div><\/a>\n\t\t\t\t<div class=\"elementor-post__text\">\n\t\t\t\t<h3 class=\"elementor-post__title\">\n\t\t\t<a href=\"http:\/\/saoluiscoworking.com.br\/?p=2917\" >\n\t\t\t\tS\u00e3o Lu\u00eds Coworking: O Melhor Espa\u00e7o para o Seu Sucesso na Capital Maranhense\t\t\t<\/a>\n\t\t<\/h3>\n\t\t\t\t<div class=\"elementor-post__excerpt\">\n\t\t\t<p>Se voc\u00ea est\u00e1 em busca do ambiente ideal para maximizar sua produtividade, expandir sua rede de contatos e impulsionar seus neg\u00f3cios em S\u00e3o Lu\u00eds do<\/p>\n\t\t<\/div>\n\t\t\n\t\t<a class=\"elementor-post__read-more\" href=\"http:\/\/saoluiscoworking.com.br\/?p=2917\" aria-label=\"Read more about S\u00e3o Lu\u00eds Coworking: O Melhor Espa\u00e7o para o Seu Sucesso na Capital Maranhense\" tabindex=\"-1\" >\n\t\t\tSaiba mais \u00bb\t\t<\/a>\n\n\t\t\t\t<\/div>\n\t\t\t\t<div class=\"elementor-post__meta-data\">\n\t\t\t\t\t<span class=\"elementor-post-date\">\n\t\t\t25 de novembro de 2025\t\t<\/span>\n\t\t\t\t<\/div>\n\t\t\t\t\t<\/div>\n\t\t<\/article>\n\t\t\t\t<\/div>\n\t\t\n\t\t\t\t<div class=\"e-load-more-anchor\" data-page=\"1\" data-max-page=\"18\" data-next-page=\"http:\/\/saoluiscoworking.com.br\/index.php?rest_route=%2Fwp%2Fv2%2Fpages%2F1261&#038;paged=2\"><\/div>\n\t\t\t\t<nav class=\"elementor-pagination\" aria-label=\"Pagination\">\n\t\t\t<span aria-current=\"page\" class=\"page-numbers current\"><span class=\"elementor-screen-only\">Page<\/span>1<\/span>\n<a class=\"page-numbers\" href=\"http:\/\/saoluiscoworking.com.br\/index.php\/?paged=2\"><span class=\"elementor-screen-only\">Page<\/span>2<\/a>\n<a class=\"page-numbers\" href=\"http:\/\/saoluiscoworking.com.br\/index.php\/?paged=3\"><span class=\"elementor-screen-only\">Page<\/span>3<\/a>\n<a class=\"page-numbers\" href=\"http:\/\/saoluiscoworking.com.br\/index.php\/?paged=4\"><span class=\"elementor-screen-only\">Page<\/span>4<\/a>\n<a class=\"page-numbers\" href=\"http:\/\/saoluiscoworking.com.br\/index.php\/?paged=5\"><span class=\"elementor-screen-only\">Page<\/span>5<\/a>\t\t<\/nav>\n\t\t\t\t\t\t<\/div>\n\t\t\t\t<\/div>\n\t\t\t\t\t<\/div>\n\t\t<\/div>\n\t\t\t\t\t<\/div>\n\t\t<\/section>\n\t\t\t\t<\/div>\n\t\t","protected":false},"excerpt":{"rendered":"","protected":false},"author":3,"featured_media":0,"parent":0,"menu_order":0,"comment_status":"closed","ping_status":"closed","template":"","meta":{"footnotes":""},"class_list":["post-1261","page","type-page","status-publish","hentry"],"_links":{"self":[{"href":"http:\/\/saoluiscoworking.com.br\/index.php?rest_route=\/wp\/v2\/pages\/1261","targetHints":{"allow":["GET"]}}],"collection":[{"href":"http:\/\/saoluiscoworking.com.br\/index.php?rest_route=\/wp\/v2\/pages"}],"about":[{"href":"http:\/\/saoluiscoworking.com.br\/index.php?rest_route=\/wp\/v2\/types\/page"}],"author":[{"embeddable":true,"href":"http:\/\/saoluiscoworking.com.br\/index.php?rest_route=\/wp\/v2\/users\/3"}],"replies":[{"embeddable":true,"href":"http:\/\/saoluiscoworking.com.br\/index.php?rest_route=%2Fwp%2Fv2%2Fcomments&post=1261"}],"version-history":[{"count":1,"href":"http:\/\/saoluiscoworking.com.br\/index.php?rest_route=\/wp\/v2\/pages\/1261\/revisions"}],"predecessor-version":[{"id":2608,"href":"http:\/\/saoluiscoworking.com.br\/index.php?rest_route=\/wp\/v2\/pages\/1261\/revisions\/2608"}],"wp:attachment":[{"href":"http:\/\/saoluiscoworking.com.br\/index.php?rest_route=%2Fwp%2Fv2%2Fmedia&parent=1261"}],"curies":[{"name":"wp","href":"https:\/\/api.w.org\/{rel}","templated":true}]}}